{"id":533,"date":"2024-08-09T18:16:07","date_gmt":"2024-08-10T00:16:07","guid":{"rendered":"https:\/\/servicioscompsa.com\/?post_type=product&#038;p=533"},"modified":"2024-11-10T00:58:47","modified_gmt":"2024-11-10T06:58:47","slug":"ssd-kingston-nv2-nvme-1tb-pci-express-4-0","status":"publish","type":"product","link":"https:\/\/servicioscompsa.com\/index.php\/product\/ssd-kingston-nv2-nvme-1tb-pci-express-4-0\/","title":{"rendered":"SSD Kingston NV2 NVMe, 1TB, PCI Express 4.0"},"content":{"rendered":"<div dir=\"auto\">SKU: SNV2S\/1000G<\/div>\n<div dir=\"auto\">Capacidad: 1TB<\/div>\n<div dir=\"auto\">Interface: PCI Express 4.0<\/div>\n<div dir=\"auto\">Velocidad de lectura: 3500 MB\/s<\/div>\n<div dir=\"auto\">Velocidad de escritura: 2100 MB\/s<\/div>\n<div dir=\"auto\">Interfaz: PCI Express 4.0<\/div>\n<div dir=\"auto\"><\/div>\n<div dir=\"auto\">\n<div dir=\"auto\">El NV2 PCIe 4.0 NVMe SSD de Kingston es una gran soluci\u00f3n de almacenamiento<\/div>\n<div dir=\"auto\">de \u00faltima generaci\u00f3n impulsada por un controlador Gen 4&#215;4 NVMe. NV2 ofrece<\/div>\n<div dir=\"auto\">velocidades de lectura\/escritura de hasta 3500\/2100 MB\/seg1 con menos requisitos de energ\u00eda y menor temperatura para ayudar a optimizar el rendimiento de tu sistema y ofrecer valor sin sacrificio. El dise\u00f1o compacto de un solo lado M.2 2280 (22 x 80 mm), lo que hace que el NV2 sea ideal para port\u00e1tiles m\u00e1s delgados, sistemas de factor de forma peque\u00f1o (SFF) y placas madre personalizadas.<\/div>\n<\/div>\n","protected":false},"excerpt":{"rendered":"<div class=\"ope-woo-card-content-section ope-woo-card-content-title\">\n<h3 class=\"ope-card-product-tile\">SSD Kingston NV2 NVMe, 1TB, PCI Express 4.0<\/h3>\n<\/div>\n","protected":false},"featured_media":534,"comment_status":"open","ping_status":"closed","template":"","meta":{"om_disable_all_campaigns":false,"_uag_custom_page_level_css":"","_monsterinsights_skip_tracking":false,"_monsterinsights_sitenote_active":false,"_monsterinsights_sitenote_note":"","_monsterinsights_sitenote_category":0},"product_brand":[],"product_cat":[42],"product_tag":[],"class_list":{"0":"post-533","1":"product","2":"type-product","3":"status-publish","4":"has-post-thumbnail","6":"product_cat-almacenamiento","8":"first","9":"instock","10":"taxable","11":"shipping-taxable","12":"purchasable","13":"product-type-simple"},"aioseo_notices":[],"uagb_featured_image_src":{"full":["https:\/\/servicioscompsa.com\/wp-content\/uploads\/2024\/08\/SSD1TBNV2_01.jpg",1000,1000,false],"thumbnail":["https:\/\/servicioscompsa.com\/wp-content\/uploads\/2024\/08\/SSD1TBNV2_01-150x150.jpg",150,150,true],"medium":["https:\/\/servicioscompsa.com\/wp-content\/uploads\/2024\/08\/SSD1TBNV2_01-300x300.jpg",300,300,true],"medium_large":["https:\/\/servicioscompsa.com\/wp-content\/uploads\/2024\/08\/SSD1TBNV2_01-768x768.jpg",768,768,true],"large":["https:\/\/servicioscompsa.com\/wp-content\/uploads\/2024\/08\/SSD1TBNV2_01.jpg",1000,1000,false],"1536x1536":["https:\/\/servicioscompsa.com\/wp-content\/uploads\/2024\/08\/SSD1TBNV2_01.jpg",1000,1000,false],"2048x2048":["https:\/\/servicioscompsa.com\/wp-content\/uploads\/2024\/08\/SSD1TBNV2_01.jpg",1000,1000,false],"post-thumbnail":["https:\/\/servicioscompsa.com\/wp-content\/uploads\/2024\/08\/SSD1TBNV2_01.jpg",1000,1000,false],"mesmerize-full-hd":["https:\/\/servicioscompsa.com\/wp-content\/uploads\/2024\/08\/SSD1TBNV2_01.jpg",1000,1000,false],"woocommerce_thumbnail":["https:\/\/servicioscompsa.com\/wp-content\/uploads\/2024\/08\/SSD1TBNV2_01-300x300.jpg",300,300,true],"woocommerce_single":["https:\/\/servicioscompsa.com\/wp-content\/uploads\/2024\/08\/SSD1TBNV2_01-600x600.jpg",600,600,true],"woocommerce_gallery_thumbnail":["https:\/\/servicioscompsa.com\/wp-content\/uploads\/2024\/08\/SSD1TBNV2_01-100x100.jpg",100,100,true]},"uagb_author_info":{"display_name":"SERVICIOS COMPSA","author_link":"https:\/\/servicioscompsa.com\/index.php\/author\/"},"uagb_comment_info":0,"uagb_excerpt":"SSD Kingston NV2 NVMe, 1TB, PCI Express 4.0","jetpack_sharing_enabled":true,"_links":{"self":[{"href":"https:\/\/servicioscompsa.com\/index.php\/wp-json\/wp\/v2\/product\/533","targetHints":{"allow":["GET"]}}],"collection":[{"href":"https:\/\/servicioscompsa.com\/index.php\/wp-json\/wp\/v2\/product"}],"about":[{"href":"https:\/\/servicioscompsa.com\/index.php\/wp-json\/wp\/v2\/types\/product"}],"replies":[{"embeddable":true,"href":"https:\/\/servicioscompsa.com\/index.php\/wp-json\/wp\/v2\/comments?post=533"}],"wp:featuredmedia":[{"embeddable":true,"href":"https:\/\/servicioscompsa.com\/index.php\/wp-json\/wp\/v2\/media\/534"}],"wp:attachment":[{"href":"https:\/\/servicioscompsa.com\/index.php\/wp-json\/wp\/v2\/media?parent=533"}],"wp:term":[{"taxonomy":"product_brand","embeddable":true,"href":"https:\/\/servicioscompsa.com\/index.php\/wp-json\/wp\/v2\/product_brand?post=533"},{"taxonomy":"product_cat","embeddable":true,"href":"https:\/\/servicioscompsa.com\/index.php\/wp-json\/wp\/v2\/product_cat?post=533"},{"taxonomy":"product_tag","embeddable":true,"href":"https:\/\/servicioscompsa.com\/index.php\/wp-json\/wp\/v2\/product_tag?post=533"}],"curies":[{"name":"wp","href":"https:\/\/api.w.org\/{rel}","templated":true}]}}