{"id":481,"date":"2024-08-05T17:57:03","date_gmt":"2024-08-05T17:57:03","guid":{"rendered":"https:\/\/servicioscompsa.com\/?post_type=product&#038;p=481"},"modified":"2024-08-10T21:47:50","modified_gmt":"2024-08-11T03:47:50","slug":"switch-tp-link-5-puertos-10-100-mbps-modelo-ti-sf1005d","status":"publish","type":"product","link":"https:\/\/servicioscompsa.com\/index.php\/product\/switch-tp-link-5-puertos-10-100-mbps-modelo-ti-sf1005d\/","title":{"rendered":"Switch TP-Link, 5 Puertos, 10\/100 Mbps, Modelo TI-SF1005D"},"content":{"rendered":"<p>El Switch\u00a0de escritorio TL-SF1005D de 5 puertos a 10 \/ 100Mbps proporciona una manera f\u00e1cil de expandir su red cableada. Los 5 puertos admiten auto-MDI \/ MDIX, lo que elimina la necesidad de preocuparse por el tipo de cable a utilizar. Con el modo d\u00faplex completo, el TL-SF1005D puede procesar datos a una velocidad de hasta 200 Mbps, lo que lo convierte en una opci\u00f3n ideal para expandir su red cableada de alto rendimiento. Adem\u00e1s, con tecnolog\u00eda innovadora de eficiencia energ\u00e9tica, el TL-SF1005D puede ahorrar consumo de energ\u00eda, convirti\u00e9ndolo en una soluci\u00f3n ecol\u00f3gica para la red de su hogar u oficina.<\/p>\n<p>El Switch\u00a0Fast Ethernet TL-SF1005D proporciona 5 puertos RJ45 de negociaci\u00f3n autom\u00e1tica a 10 \/ 100Mbps. Todos los puertos admiten la funci\u00f3n Auto MDI \/ MDIX, lo que elimina la necesidad de cables cruzados o puertos de enlace ascendente. Con una arquitectura de conmutaci\u00f3n sin bloqueo, el TL-SF1005D reenv\u00eda y filtra paquetes a la velocidad m\u00e1xima del cable para un rendimiento m\u00e1ximo. Con 2K Jumbo frame, el rendimiento de las transferencias de archivos grandes se mejora significativamente. Y el control de flujo IEEE 802.3x para el modo Full Duplex y la contrapresi\u00f3n para el modo Half Duplex alivian la congesti\u00f3n del tr\u00e1fico y hacen que el TL-SF1005D funcione de manera confiable.<\/p>\n<p>Las funciones autom\u00e1ticas de este Switch\u00a0Ethernet hacen que la instalaci\u00f3n sea plug and play y sin complicaciones. No se requiere configuraci\u00f3n. Auto MDI \/ MDIX elimina la necesidad de cables cruzados. La negociaci\u00f3n autom\u00e1tica en cada puerto detecta la velocidad de enlace de un dispositivo de red (10, 100 Mbps) y se ajusta de manera inteligente para lograr compatibilidad y rendimiento \u00f3ptimo.<\/p>\n","protected":false},"excerpt":{"rendered":"<p class=\"detailsInfo_right_title\">Switch TP-Link Fast Ethernet TL-SF1005D, 5 Puertos 10\/100Mbps, 1Gbit\/s, 1000 Entradas \u2013 No Administrable<\/p>\n","protected":false},"featured_media":538,"comment_status":"open","ping_status":"closed","template":"","meta":{"om_disable_all_campaigns":false,"_uag_custom_page_level_css":"","_monsterinsights_skip_tracking":false,"_monsterinsights_sitenote_active":false,"_monsterinsights_sitenote_note":"","_monsterinsights_sitenote_category":0},"product_brand":[],"product_cat":[32],"product_tag":[],"class_list":{"0":"post-481","1":"product","2":"type-product","3":"status-publish","4":"has-post-thumbnail","6":"product_cat-redes","8":"first","9":"instock","10":"taxable","11":"shipping-taxable","12":"purchasable","13":"product-type-simple"},"aioseo_notices":[],"uagb_featured_image_src":{"full":["https:\/\/servicioscompsa.com\/wp-content\/uploads\/2024\/08\/TP-LINK-TL-SF1005D-3.jpg",1000,1000,false],"thumbnail":["https:\/\/servicioscompsa.com\/wp-content\/uploads\/2024\/08\/TP-LINK-TL-SF1005D-3-150x150.jpg",150,150,true],"medium":["https:\/\/servicioscompsa.com\/wp-content\/uploads\/2024\/08\/TP-LINK-TL-SF1005D-3-300x300.jpg",300,300,true],"medium_large":["https:\/\/servicioscompsa.com\/wp-content\/uploads\/2024\/08\/TP-LINK-TL-SF1005D-3-768x768.jpg",768,768,true],"large":["https:\/\/servicioscompsa.com\/wp-content\/uploads\/2024\/08\/TP-LINK-TL-SF1005D-3.jpg",1000,1000,false],"1536x1536":["https:\/\/servicioscompsa.com\/wp-content\/uploads\/2024\/08\/TP-LINK-TL-SF1005D-3.jpg",1000,1000,false],"2048x2048":["https:\/\/servicioscompsa.com\/wp-content\/uploads\/2024\/08\/TP-LINK-TL-SF1005D-3.jpg",1000,1000,false],"post-thumbnail":["https:\/\/servicioscompsa.com\/wp-content\/uploads\/2024\/08\/TP-LINK-TL-SF1005D-3.jpg",1000,1000,false],"mesmerize-full-hd":["https:\/\/servicioscompsa.com\/wp-content\/uploads\/2024\/08\/TP-LINK-TL-SF1005D-3.jpg",1000,1000,false],"woocommerce_thumbnail":["https:\/\/servicioscompsa.com\/wp-content\/uploads\/2024\/08\/TP-LINK-TL-SF1005D-3-300x300.jpg",300,300,true],"woocommerce_single":["https:\/\/servicioscompsa.com\/wp-content\/uploads\/2024\/08\/TP-LINK-TL-SF1005D-3-600x600.jpg",600,600,true],"woocommerce_gallery_thumbnail":["https:\/\/servicioscompsa.com\/wp-content\/uploads\/2024\/08\/TP-LINK-TL-SF1005D-3-100x100.jpg",100,100,true]},"uagb_author_info":{"display_name":"SERVICIOS COMPSA","author_link":"https:\/\/servicioscompsa.com\/index.php\/author\/"},"uagb_comment_info":0,"uagb_excerpt":"Switch TP-Link Fast Ethernet TL-SF1005D, 5 Puertos 10\/100Mbps, 1Gbit\/s, 1000 Entradas \u2013 No Administrable","jetpack_sharing_enabled":true,"_links":{"self":[{"href":"https:\/\/servicioscompsa.com\/index.php\/wp-json\/wp\/v2\/product\/481","targetHints":{"allow":["GET"]}}],"collection":[{"href":"https:\/\/servicioscompsa.com\/index.php\/wp-json\/wp\/v2\/product"}],"about":[{"href":"https:\/\/servicioscompsa.com\/index.php\/wp-json\/wp\/v2\/types\/product"}],"replies":[{"embeddable":true,"href":"https:\/\/servicioscompsa.com\/index.php\/wp-json\/wp\/v2\/comments?post=481"}],"wp:featuredmedia":[{"embeddable":true,"href":"https:\/\/servicioscompsa.com\/index.php\/wp-json\/wp\/v2\/media\/538"}],"wp:attachment":[{"href":"https:\/\/servicioscompsa.com\/index.php\/wp-json\/wp\/v2\/media?parent=481"}],"wp:term":[{"taxonomy":"product_brand","embeddable":true,"href":"https:\/\/servicioscompsa.com\/index.php\/wp-json\/wp\/v2\/product_brand?post=481"},{"taxonomy":"product_cat","embeddable":true,"href":"https:\/\/servicioscompsa.com\/index.php\/wp-json\/wp\/v2\/product_cat?post=481"},{"taxonomy":"product_tag","embeddable":true,"href":"https:\/\/servicioscompsa.com\/index.php\/wp-json\/wp\/v2\/product_tag?post=481"}],"curies":[{"name":"wp","href":"https:\/\/api.w.org\/{rel}","templated":true}]}}